{"id":1372,"date":"2025-03-17T08:52:45","date_gmt":"2025-03-17T08:52:45","guid":{"rendered":"https:\/\/postgraduate.pl\/imprint\/"},"modified":"2025-03-17T08:52:45","modified_gmt":"2025-03-17T08:52:45","slug":"imprint","status":"publish","type":"page","link":"https:\/\/postgraduate.pl\/ru\/imprint\/","title":{"rendered":"Imprint"},"content":{"rendered":"\n<!-- Legal document generated by Complianz | GDPR\/CCPA Cookie Consent https:\/\/wordpress.org\/plugins\/complianz-gdpr -->\n<div id=\"cmplz-document\" class=\"cmplz-document impressum cmplz-document-all\"><p><i>This imprint was last updated on \u041c\u0430\u0440\u0442 17, 2025.<\/i><\/p><p class=\"cmplz-subtitle\">The owner of this website is:<\/p><p>TEMPOSTUDY SP\u00d3\u0141KA Z OGRANICZON\u0104 ODPOWIEDZIALNO\u015aCI\u0104 SP\u00d3\u0141KA Z OGRANICZON\u0104 ODPOWIEDZIALNO\u015aCI\u0104<br>Stefana Batorego 18 \/ 108, 02-591 Warszawa, Polska <br>Poland<br>Email:&nbsp;<span class=\"cmplz-obfuscate\">in&#102;o@<span class=\"cmplz-fmail-domain\">ex&#046;c&#111;m<\/span>t&#101;&#109;p&#111;&#115;&#116;u&#100;&#121;.&#099;&#111;m<\/span><br>Phone number: +48 451 267 557<br>VAT ID:&nbsp;PL7011177148<\/p><p class=\"cmplz-subtitle\">The legal representative(s) of TEMPOSTUDY SP\u00d3\u0141KA Z OGRANICZON\u0104 ODPOWIEDZIALNO\u015aCI\u0104 SP\u00d3\u0141KA Z OGRANICZON\u0104 ODPOWIEDZIALNO\u015aCI\u0104:<\/p><p>Sena Hatipo\u01e7lu<\/p><h2>1. General<\/h2><p>We are not willing or obliged to participate in dispute resolution procedures before a consumer arbitration board.<\/p><h2>2. The following information is mandatory according to German law.<\/h2><\/div>","protected":false},"excerpt":{"rendered":"","protected":false},"author":1,"featured_media":0,"parent":0,"menu_order":0,"comment_status":"closed","ping_status":"closed","template":"","meta":{"_acf_changed":false,"inline_featured_image":false,"footnotes":""},"class_list":["post-1372","page","type-page","status-publish","hentry"],"acf":[],"_links":{"self":[{"href":"https:\/\/postgraduate.pl\/ru\/wp-json\/wp\/v2\/pages\/1372","targetHints":{"allow":["GET"]}}],"collection":[{"href":"https:\/\/postgraduate.pl\/ru\/wp-json\/wp\/v2\/pages"}],"about":[{"href":"https:\/\/postgraduate.pl\/ru\/wp-json\/wp\/v2\/types\/page"}],"author":[{"embeddable":true,"href":"https:\/\/postgraduate.pl\/ru\/wp-json\/wp\/v2\/users\/1"}],"replies":[{"embeddable":true,"href":"https:\/\/postgraduate.pl\/ru\/wp-json\/wp\/v2\/comments?post=1372"}],"version-history":[{"count":0,"href":"https:\/\/postgraduate.pl\/ru\/wp-json\/wp\/v2\/pages\/1372\/revisions"}],"wp:attachment":[{"href":"https:\/\/postgraduate.pl\/ru\/wp-json\/wp\/v2\/media?parent=1372"}],"curies":[{"name":"wp","href":"https:\/\/api.w.org\/{rel}","templated":true}]}}