{"id":1472,"date":"2025-04-14T11:43:08","date_gmt":"2025-04-14T11:43:08","guid":{"rendered":"https:\/\/postgraduate.pl\/university-of-economics-and-human-sciences-in-warsaw\/"},"modified":"2025-05-21T11:04:29","modified_gmt":"2025-05-21T11:04:29","slug":"university-of-economics-and-human-sciences-in-warsaw","status":"publish","type":"page","link":"https:\/\/postgraduate.pl\/tr\/university-of-economics-and-human-sciences-in-warsaw\/","title":{"rendered":"University of Economics and Human Sciences in Warsaw"},"content":{"rendered":"<section class=\"l-section wpb_row height_auto width_full color_primary\"><div class=\"l-section-h i-cf\"><div class=\"g-cols vc_row via_grid cols_1 laptops-cols_inherit tablets-cols_inherit mobiles-cols_1 valign_top type_default stacking_default\"><div class=\"wpb_column vc_column_container\"><div class=\"vc_column-inner\"><div class=\"wpb_text_column\"><div class=\"wpb_wrapper\"><p><iframe loading=\"lazy\" src=\"https:\/\/mpembed.com\/show\/?m=7vBCakr8czz&amp;mpu=534\" width=\"100%\" height=\"600\" frameborder=\"0\" allowfullscreen=\"allowfullscreen\"><br \/><\/iframe><\/p>\n<\/div><\/div><\/div><\/div><\/div><\/div><\/section><section class=\"l-section wpb_row height_medium\"><div class=\"l-section-h i-cf\"><div class=\"g-cols vc_row via_grid cols_2 laptops-cols_inherit tablets-cols_inherit mobiles-cols_1 valign_middle type_default stacking_default\" style=\"--columns-gap:4vw;\"><div class=\"wpb_column vc_column_container\"><div class=\"vc_column-inner\"><div class=\"w-image us_custom_3bc1f25b style_shadow-2 has_ratio align_none\"><div class=\"w-image-h\"><div style=\"padding-bottom:100%\"><\/div><div class=\"w-image-shadow\" style=\"background-image:url(https:\/\/postgraduate.pl\/wp-content\/uploads\/2025\/03\/quality-1.png);\"><\/div><img decoding=\"async\" width=\"225\" height=\"225\" src=\"https:\/\/postgraduate.pl\/wp-content\/uploads\/2025\/03\/quality-1.png\" class=\"attachment-large size-large\" alt=\"\" loading=\"lazy\" \/><\/div><\/div><\/div><\/div><div class=\"wpb_column vc_column_container\"><div class=\"vc_column-inner\"><div class=\"wpb_text_column us_custom_d98eb4eb\"><div class=\"wpb_wrapper\"><h2>Vizja \u00dcniversitesi: Avrupa&#8217;n\u0131n Kalbinde<\/h2>\n<p class=\"cvGsUA direction-ltr align-start para-style-body\">2001 y\u0131l\u0131nda kurulan Vizja \u00dcniversitesi, uluslararas\u0131 alanda Polonya&#8217;n\u0131n prestijli e\u011fitim kurumlar\u0131ndan biri olarak tan\u0131nmaktad\u0131r. Onlarca farkl\u0131 \u00fclkeden gelen uluslararas\u0131 \u00f6\u011frencileriyle e\u011fitimde \u00e7e\u015fitlilik ve yenili\u011fi bir araya getirmektedir. Avrupa \u00dcniversiteler Birli\u011fi&#8217;nin bir \u00fcyesi olan kurum, mezunlar\u0131na d\u00fcnya \u00e7ap\u0131nda tan\u0131nan diplomalar vermektedir.<\/p>\n<ul>\n<li>Uluslararas\u0131 Standartlar:<\/li>\n<\/ul>\n<p class=\"cvGsUA direction-ltr align-start para-style-body\">Polonya Bilim ve Y\u00fcksek E\u011fitim Bakanl\u0131\u011f\u0131 taraf\u0131ndan akredite edilen Vizja \u00dcniversitesi, Bologna S\u00fcreci ve Avrupa Kredi Transfer Sistemi (ECTS) ile uyumlu bir e\u011fitim modeliyle \u00f6\u011frencilerine akademik esneklik sa\u011flamaktad\u0131r. Polonya Bilim ve Y\u00fcksek E\u011fitim Bakanl\u0131\u011f\u0131 taraf\u0131ndan akredite edilmi\u015f bir Avrupa \u00fcniversitesidir.<\/p>\n<p class=\"cvGsUA direction-ltr align-start para-style-body\">\u00dcniversite, Polonya Ulusal Akreditasyon Ajans\u0131, Avrupa Y\u00fcksek\u00f6\u011fretimde Kalite G\u00fcvencesi Birli\u011fi (ENQA) ve Avrupa Y\u00fcksek\u00f6\u011fretim Kalite G\u00fcvencesi Kayd\u0131&#8217;n\u0131n (EQAR) tam \u00fcyesidir.<\/p>\n<\/div><\/div><div class=\"w-separator size_medium\"><\/div><div class=\"w-socials us_custom_c96a8a09 color_brand shape_circle style_solid hover_fade\" style=\"--gap:0.1em;\"><div class=\"w-socials-list\"><div class=\"w-socials-item linkedin\"><a target=\"_blank\" rel=\"nofollow\" href=\"https:\/\/pl.linkedin.com\/school\/akademia-ekonomiczno-humanistyczna-w-warszawie\/\" class=\"w-socials-item-link\" aria-label=\"LinkedIn\"><span class=\"w-socials-item-link-hover\"><\/span><i class=\"fab fa-linkedin\"><\/i><\/a><\/div><div class=\"w-socials-item youtube\"><a target=\"_blank\" rel=\"nofollow\" href=\"https:\/\/www.youtube.com\/@AEHwWarszawie\" class=\"w-socials-item-link\" aria-label=\"YouTube\"><span class=\"w-socials-item-link-hover\"><\/span><i class=\"fab fa-youtube\"><\/i><\/a><\/div><\/div><\/div><\/div><\/div><\/div><\/div><\/section><section class=\"l-section wpb_row us_custom_19737bc8 height_medium width_custom\" style=\"--site-content-width:1400px;\"><div class=\"l-section-h i-cf\"><div class=\"g-cols vc_row via_grid cols_1 laptops-cols_inherit tablets-cols_inherit mobiles-cols_1 valign_top type_default stacking_default\"><div class=\"wpb_column vc_column_container\"><div class=\"vc_column-inner\"><div class=\"g-cols wpb_row via_grid cols_5 laptops-cols_3 tablets-cols_2 mobiles-cols_1 valign_top type_default stacking_default\" style=\"--columns-gap:1.4rem;\"><div class=\"wpb_column vc_column_container\"><div class=\"vc_column-inner\"><div class=\"w-person us_custom_fde76abf layout_simple\" itemscope itemtype=\"https:\/\/schema.org\/Person\"><div class=\"w-person-image\"><img loading=\"lazy\" decoding=\"async\" width=\"300\" height=\"300\" src=\"https:\/\/postgraduate.pl\/wp-content\/uploads\/2025\/04\/1.png\" class=\"attachment-large size-large\" alt=\"\" itemprop=\"image\" srcset=\"https:\/\/postgraduate.pl\/wp-content\/uploads\/2025\/04\/1.png 300w, https:\/\/postgraduate.pl\/wp-content\/uploads\/2025\/04\/1-150x150.png 150w\" sizes=\"auto, (max-width: 300px) 100vw, 300px\" \/><\/div><div class=\"w-person-content\"><\/div><\/div><\/div><\/div><div class=\"wpb_column vc_column_container\"><div class=\"vc_column-inner\"><div class=\"w-person us_custom_fde76abf layout_simple\" itemscope itemtype=\"https:\/\/schema.org\/Person\"><div class=\"w-person-image\"><img loading=\"lazy\" decoding=\"async\" width=\"300\" height=\"300\" src=\"https:\/\/postgraduate.pl\/wp-content\/uploads\/2025\/04\/2.png\" class=\"attachment-large size-large\" alt=\"\" itemprop=\"image\" srcset=\"https:\/\/postgraduate.pl\/wp-content\/uploads\/2025\/04\/2.png 300w, https:\/\/postgraduate.pl\/wp-content\/uploads\/2025\/04\/2-150x150.png 150w\" sizes=\"auto, (max-width: 300px) 100vw, 300px\" \/><\/div><div class=\"w-person-content\"><\/div><\/div><\/div><\/div><div class=\"wpb_column vc_column_container\"><div class=\"vc_column-inner\"><div class=\"w-person layout_simple\" itemscope itemtype=\"https:\/\/schema.org\/Person\"><div class=\"w-person-image\"><img loading=\"lazy\" decoding=\"async\" width=\"300\" height=\"300\" src=\"https:\/\/postgraduate.pl\/wp-content\/uploads\/2025\/04\/4.png\" class=\"attachment-large size-large\" alt=\"\" itemprop=\"image\" srcset=\"https:\/\/postgraduate.pl\/wp-content\/uploads\/2025\/04\/4.png 300w, https:\/\/postgraduate.pl\/wp-content\/uploads\/2025\/04\/4-150x150.png 150w\" sizes=\"auto, (max-width: 300px) 100vw, 300px\" \/><\/div><div class=\"w-person-content\"><\/div><\/div><\/div><\/div><div class=\"wpb_column vc_column_container\"><div class=\"vc_column-inner\"><div class=\"w-person layout_simple\" itemscope itemtype=\"https:\/\/schema.org\/Person\"><div class=\"w-person-image\"><img loading=\"lazy\" decoding=\"async\" width=\"300\" height=\"300\" src=\"https:\/\/postgraduate.pl\/wp-content\/uploads\/2025\/04\/3.png\" class=\"attachment-large size-large\" alt=\"\" itemprop=\"image\" srcset=\"https:\/\/postgraduate.pl\/wp-content\/uploads\/2025\/04\/3.png 300w, https:\/\/postgraduate.pl\/wp-content\/uploads\/2025\/04\/3-150x150.png 150w\" sizes=\"auto, (max-width: 300px) 100vw, 300px\" \/><\/div><div class=\"w-person-content\"><\/div><\/div><\/div><\/div><div class=\"wpb_column vc_column_container\"><div class=\"vc_column-inner\"><div class=\"w-person layout_simple\" itemscope itemtype=\"https:\/\/schema.org\/Person\"><div class=\"w-person-image\"><img loading=\"lazy\" decoding=\"async\" width=\"300\" height=\"300\" src=\"https:\/\/postgraduate.pl\/wp-content\/uploads\/2025\/04\/5.png\" class=\"attachment-large size-large\" alt=\"\" itemprop=\"image\" srcset=\"https:\/\/postgraduate.pl\/wp-content\/uploads\/2025\/04\/5.png 300w, https:\/\/postgraduate.pl\/wp-content\/uploads\/2025\/04\/5-150x150.png 150w\" sizes=\"auto, (max-width: 300px) 100vw, 300px\" \/><\/div><div class=\"w-person-content\"><\/div><\/div><\/div><\/div><\/div><\/div><\/div><\/div><\/div><\/section><section class=\"l-section wpb_row height_medium\"><div class=\"l-section-h i-cf\"><div class=\"g-cols vc_row via_grid cols_2 laptops-cols_inherit tablets-cols_inherit mobiles-cols_1 valign_top type_default stacking_default\"><div class=\"wpb_column vc_column_container\"><div class=\"vc_column-inner\"><div class=\"w-html\"><iframe loading=\"lazy\" width=\"560\" height=\"315\" src=\"https:\/\/www.youtube.com\/embed\/LOBV_r6Hp8k?si=g231FzCxWAZXvhH3\" title=\"YouTube video player\" frameborder=\"0\" allow=\"accelerometer; autoplay; clipboard-write; encrypted-media; gyroscope; picture-in-picture; web-share\" referrerpolicy=\"strict-origin-when-cross-origin\" allowfullscreen><\/iframe><\/div><\/div><\/div><div class=\"wpb_column vc_column_container\"><div class=\"vc_column-inner\"><div class=\"w-html\"><iframe loading=\"lazy\" width=\"560\" height=\"315\" src=\"https:\/\/www.youtube.com\/embed\/8aVL3qi8zhA?si=ZUe1o-1pI1VuVJxi\" title=\"YouTube video player\" frameborder=\"0\" allow=\"accelerometer; autoplay; clipboard-write; encrypted-media; gyroscope; picture-in-picture; web-share\" referrerpolicy=\"strict-origin-when-cross-origin\" allowfullscreen><\/iframe><\/div><\/div><\/div><\/div><\/div><\/section><section class=\"l-section wpb_row height_medium\"><div class=\"l-section-h i-cf\"><div class=\"g-cols vc_row via_grid cols_1 laptops-cols_inherit tablets-cols_inherit mobiles-cols_1 valign_top type_default stacking_default\"><div class=\"wpb_column vc_column_container\"><div class=\"vc_column-inner\"><div class=\"w-gallery fit_cover type_grid ratio_1x1 count_12\" style=\"--columns:4;--items-gap:10px;\"><div class=\"w-gallery-list\"><div class=\"w-gallery-item\"><div class=\"w-gallery-item-img\"><img loading=\"lazy\" decoding=\"async\" width=\"1024\" height=\"576\" src=\"https:\/\/postgraduate.pl\/wp-content\/uploads\/2025\/01\/pg-graduation-24-1-1024x576.webp\" class=\"attachment-large size-large\" alt=\"\" srcset=\"https:\/\/postgraduate.pl\/wp-content\/uploads\/2025\/01\/pg-graduation-24-1-1024x576.webp 1024w, https:\/\/postgraduate.pl\/wp-content\/uploads\/2025\/01\/pg-graduation-24-1-300x169.webp 300w, https:\/\/postgraduate.pl\/wp-content\/uploads\/2025\/01\/pg-graduation-24-1-768x432.webp 768w, https:\/\/postgraduate.pl\/wp-content\/uploads\/2025\/01\/pg-graduation-24-1-1536x864.webp 1536w, https:\/\/postgraduate.pl\/wp-content\/uploads\/2025\/01\/pg-graduation-24-1.webp 1920w\" sizes=\"auto, (max-width: 1024px) 100vw, 1024px\" \/><\/div><\/div><div class=\"w-gallery-item\"><div class=\"w-gallery-item-img\"><img loading=\"lazy\" decoding=\"async\" width=\"1024\" height=\"576\" src=\"https:\/\/postgraduate.pl\/wp-content\/uploads\/2025\/01\/pg-graduation-24-2-1024x576.webp\" class=\"attachment-large size-large\" alt=\"\" srcset=\"https:\/\/postgraduate.pl\/wp-content\/uploads\/2025\/01\/pg-graduation-24-2-1024x576.webp 1024w, https:\/\/postgraduate.pl\/wp-content\/uploads\/2025\/01\/pg-graduation-24-2-300x169.webp 300w, https:\/\/postgraduate.pl\/wp-content\/uploads\/2025\/01\/pg-graduation-24-2-768x432.webp 768w, https:\/\/postgraduate.pl\/wp-content\/uploads\/2025\/01\/pg-graduation-24-2-1536x864.webp 1536w, https:\/\/postgraduate.pl\/wp-content\/uploads\/2025\/01\/pg-graduation-24-2.webp 1920w\" sizes=\"auto, (max-width: 1024px) 100vw, 1024px\" \/><\/div><\/div><div class=\"w-gallery-item\"><div class=\"w-gallery-item-img\"><img loading=\"lazy\" decoding=\"async\" width=\"1024\" height=\"576\" src=\"https:\/\/postgraduate.pl\/wp-content\/uploads\/2025\/01\/pg-graduation-24-4-1024x576.webp\" class=\"attachment-large size-large\" alt=\"\" srcset=\"https:\/\/postgraduate.pl\/wp-content\/uploads\/2025\/01\/pg-graduation-24-4-1024x576.webp 1024w, https:\/\/postgraduate.pl\/wp-content\/uploads\/2025\/01\/pg-graduation-24-4-300x169.webp 300w, https:\/\/postgraduate.pl\/wp-content\/uploads\/2025\/01\/pg-graduation-24-4-768x432.webp 768w, https:\/\/postgraduate.pl\/wp-content\/uploads\/2025\/01\/pg-graduation-24-4-1536x864.webp 1536w, https:\/\/postgraduate.pl\/wp-content\/uploads\/2025\/01\/pg-graduation-24-4.webp 1920w\" sizes=\"auto, (max-width: 1024px) 100vw, 1024px\" \/><\/div><\/div><div class=\"w-gallery-item\"><div class=\"w-gallery-item-img\"><img loading=\"lazy\" decoding=\"async\" width=\"1024\" height=\"576\" src=\"https:\/\/postgraduate.pl\/wp-content\/uploads\/2025\/01\/pg-graduation-24-5-1024x576.webp\" class=\"attachment-large size-large\" alt=\"\" srcset=\"https:\/\/postgraduate.pl\/wp-content\/uploads\/2025\/01\/pg-graduation-24-5-1024x576.webp 1024w, https:\/\/postgraduate.pl\/wp-content\/uploads\/2025\/01\/pg-graduation-24-5-300x169.webp 300w, https:\/\/postgraduate.pl\/wp-content\/uploads\/2025\/01\/pg-graduation-24-5-768x432.webp 768w, https:\/\/postgraduate.pl\/wp-content\/uploads\/2025\/01\/pg-graduation-24-5-1536x864.webp 1536w, https:\/\/postgraduate.pl\/wp-content\/uploads\/2025\/01\/pg-graduation-24-5.webp 1920w\" sizes=\"auto, (max-width: 1024px) 100vw, 1024px\" \/><\/div><\/div><div class=\"w-gallery-item\"><div class=\"w-gallery-item-img\"><img loading=\"lazy\" decoding=\"async\" width=\"1024\" height=\"576\" src=\"https:\/\/postgraduate.pl\/wp-content\/uploads\/2025\/01\/pg-graduation-24-14-1024x576.webp\" class=\"attachment-large size-large\" alt=\"\" srcset=\"https:\/\/postgraduate.pl\/wp-content\/uploads\/2025\/01\/pg-graduation-24-14-1024x576.webp 1024w, https:\/\/postgraduate.pl\/wp-content\/uploads\/2025\/01\/pg-graduation-24-14-300x169.webp 300w, https:\/\/postgraduate.pl\/wp-content\/uploads\/2025\/01\/pg-graduation-24-14-768x432.webp 768w, https:\/\/postgraduate.pl\/wp-content\/uploads\/2025\/01\/pg-graduation-24-14-1536x864.webp 1536w, https:\/\/postgraduate.pl\/wp-content\/uploads\/2025\/01\/pg-graduation-24-14.webp 1920w\" sizes=\"auto, (max-width: 1024px) 100vw, 1024px\" \/><\/div><\/div><div class=\"w-gallery-item\"><div class=\"w-gallery-item-img\"><img loading=\"lazy\" decoding=\"async\" width=\"1024\" height=\"576\" src=\"https:\/\/postgraduate.pl\/wp-content\/uploads\/2025\/01\/pg-graduation-24-16-1024x576.webp\" class=\"attachment-large size-large\" alt=\"\" srcset=\"https:\/\/postgraduate.pl\/wp-content\/uploads\/2025\/01\/pg-graduation-24-16-1024x576.webp 1024w, https:\/\/postgraduate.pl\/wp-content\/uploads\/2025\/01\/pg-graduation-24-16-300x169.webp 300w, https:\/\/postgraduate.pl\/wp-content\/uploads\/2025\/01\/pg-graduation-24-16-768x432.webp 768w, https:\/\/postgraduate.pl\/wp-content\/uploads\/2025\/01\/pg-graduation-24-16-1536x864.webp 1536w, https:\/\/postgraduate.pl\/wp-content\/uploads\/2025\/01\/pg-graduation-24-16.webp 1920w\" sizes=\"auto, (max-width: 1024px) 100vw, 1024px\" \/><\/div><\/div><div class=\"w-gallery-item\"><div class=\"w-gallery-item-img\"><img loading=\"lazy\" decoding=\"async\" width=\"576\" height=\"1024\" src=\"https:\/\/postgraduate.pl\/wp-content\/uploads\/2025\/01\/pg-graduation-p-24-1-576x1024.webp\" class=\"attachment-large size-large\" alt=\"\" srcset=\"https:\/\/postgraduate.pl\/wp-content\/uploads\/2025\/01\/pg-graduation-p-24-1-576x1024.webp 576w, https:\/\/postgraduate.pl\/wp-content\/uploads\/2025\/01\/pg-graduation-p-24-1-169x300.webp 169w, https:\/\/postgraduate.pl\/wp-content\/uploads\/2025\/01\/pg-graduation-p-24-1-768x1365.webp 768w, https:\/\/postgraduate.pl\/wp-content\/uploads\/2025\/01\/pg-graduation-p-24-1-864x1536.webp 864w, https:\/\/postgraduate.pl\/wp-content\/uploads\/2025\/01\/pg-graduation-p-24-1.webp 1080w\" sizes=\"auto, (max-width: 576px) 100vw, 576px\" \/><\/div><\/div><div class=\"w-gallery-item\"><div class=\"w-gallery-item-img\"><img loading=\"lazy\" decoding=\"async\" width=\"576\" height=\"1024\" src=\"https:\/\/postgraduate.pl\/wp-content\/uploads\/2025\/01\/pg-graduation-p-24-2-576x1024.webp\" class=\"attachment-large size-large\" alt=\"\" srcset=\"https:\/\/postgraduate.pl\/wp-content\/uploads\/2025\/01\/pg-graduation-p-24-2-576x1024.webp 576w, https:\/\/postgraduate.pl\/wp-content\/uploads\/2025\/01\/pg-graduation-p-24-2-169x300.webp 169w, https:\/\/postgraduate.pl\/wp-content\/uploads\/2025\/01\/pg-graduation-p-24-2-768x1365.webp 768w, https:\/\/postgraduate.pl\/wp-content\/uploads\/2025\/01\/pg-graduation-p-24-2-864x1536.webp 864w, https:\/\/postgraduate.pl\/wp-content\/uploads\/2025\/01\/pg-graduation-p-24-2.webp 1080w\" sizes=\"auto, (max-width: 576px) 100vw, 576px\" \/><\/div><\/div><div class=\"w-gallery-item\"><div class=\"w-gallery-item-img\"><img loading=\"lazy\" decoding=\"async\" width=\"1024\" height=\"576\" src=\"https:\/\/postgraduate.pl\/wp-content\/uploads\/2025\/01\/pg-graduation-24-9-1024x576.webp\" class=\"attachment-large size-large\" alt=\"\" srcset=\"https:\/\/postgraduate.pl\/wp-content\/uploads\/2025\/01\/pg-graduation-24-9-1024x576.webp 1024w, https:\/\/postgraduate.pl\/wp-content\/uploads\/2025\/01\/pg-graduation-24-9-300x169.webp 300w, https:\/\/postgraduate.pl\/wp-content\/uploads\/2025\/01\/pg-graduation-24-9-768x432.webp 768w, https:\/\/postgraduate.pl\/wp-content\/uploads\/2025\/01\/pg-graduation-24-9-1536x864.webp 1536w, https:\/\/postgraduate.pl\/wp-content\/uploads\/2025\/01\/pg-graduation-24-9.webp 1920w\" sizes=\"auto, (max-width: 1024px) 100vw, 1024px\" \/><\/div><\/div><div class=\"w-gallery-item\"><div class=\"w-gallery-item-img\"><img loading=\"lazy\" decoding=\"async\" width=\"1024\" height=\"576\" src=\"https:\/\/postgraduate.pl\/wp-content\/uploads\/2025\/01\/pg-graduation-24-10-1024x576.webp\" class=\"attachment-large size-large\" alt=\"\" srcset=\"https:\/\/postgraduate.pl\/wp-content\/uploads\/2025\/01\/pg-graduation-24-10-1024x576.webp 1024w, https:\/\/postgraduate.pl\/wp-content\/uploads\/2025\/01\/pg-graduation-24-10-300x169.webp 300w, https:\/\/postgraduate.pl\/wp-content\/uploads\/2025\/01\/pg-graduation-24-10-768x432.webp 768w, https:\/\/postgraduate.pl\/wp-content\/uploads\/2025\/01\/pg-graduation-24-10-1536x864.webp 1536w, https:\/\/postgraduate.pl\/wp-content\/uploads\/2025\/01\/pg-graduation-24-10.webp 1920w\" sizes=\"auto, (max-width: 1024px) 100vw, 1024px\" \/><\/div><\/div><div class=\"w-gallery-item\"><div class=\"w-gallery-item-img\"><img loading=\"lazy\" decoding=\"async\" width=\"576\" height=\"1024\" src=\"https:\/\/postgraduate.pl\/wp-content\/uploads\/2025\/01\/pg-graduation-p-24-5-576x1024.webp\" class=\"attachment-large size-large\" alt=\"\" srcset=\"https:\/\/postgraduate.pl\/wp-content\/uploads\/2025\/01\/pg-graduation-p-24-5-576x1024.webp 576w, https:\/\/postgraduate.pl\/wp-content\/uploads\/2025\/01\/pg-graduation-p-24-5-169x300.webp 169w, https:\/\/postgraduate.pl\/wp-content\/uploads\/2025\/01\/pg-graduation-p-24-5-768x1365.webp 768w, https:\/\/postgraduate.pl\/wp-content\/uploads\/2025\/01\/pg-graduation-p-24-5-864x1536.webp 864w, https:\/\/postgraduate.pl\/wp-content\/uploads\/2025\/01\/pg-graduation-p-24-5.webp 1080w\" sizes=\"auto, (max-width: 576px) 100vw, 576px\" \/><\/div><\/div><div class=\"w-gallery-item\"><div class=\"w-gallery-item-img\"><img loading=\"lazy\" decoding=\"async\" width=\"576\" height=\"1024\" src=\"https:\/\/postgraduate.pl\/wp-content\/uploads\/2025\/01\/pg-graduation-p-24-4-576x1024.webp\" class=\"attachment-large size-large\" alt=\"\" srcset=\"https:\/\/postgraduate.pl\/wp-content\/uploads\/2025\/01\/pg-graduation-p-24-4-576x1024.webp 576w, https:\/\/postgraduate.pl\/wp-content\/uploads\/2025\/01\/pg-graduation-p-24-4-169x300.webp 169w, https:\/\/postgraduate.pl\/wp-content\/uploads\/2025\/01\/pg-graduation-p-24-4-768x1365.webp 768w, https:\/\/postgraduate.pl\/wp-content\/uploads\/2025\/01\/pg-graduation-p-24-4-864x1536.webp 864w, https:\/\/postgraduate.pl\/wp-content\/uploads\/2025\/01\/pg-graduation-p-24-4.webp 1080w\" sizes=\"auto, (max-width: 576px) 100vw, 576px\" \/><\/div><\/div><\/div><\/div><\/div><\/div><\/div><\/div><\/section>\n","protected":false},"excerpt":{"rendered":"Vizja \u00dcniversitesi: Avrupa&#8217;n\u0131n Kalbinde 2001 y\u0131l\u0131nda kurulan Vizja \u00dcniversitesi, uluslararas\u0131 alanda Polonya&#8217;n\u0131n prestijli e\u011fitim kurumlar\u0131ndan biri olarak tan\u0131nmaktad\u0131r. Onlarca farkl\u0131 \u00fclkeden gelen uluslararas\u0131 \u00f6\u011frencileriyle e\u011fitimde \u00e7e\u015fitlilik ve yenili\u011fi bir araya getirmektedir. Avrupa \u00dcniversiteler Birli\u011fi&#8217;nin bir \u00fcyesi olan kurum, mezunlar\u0131na d\u00fcnya \u00e7ap\u0131nda tan\u0131nan diplomalar vermektedir. Uluslararas\u0131 Standartlar: Polonya Bilim ve Y\u00fcksek E\u011fitim Bakanl\u0131\u011f\u0131 taraf\u0131ndan akredite edilen...","protected":false},"author":5,"featured_media":0,"parent":0,"menu_order":0,"comment_status":"closed","ping_status":"closed","template":"","meta":{"_acf_changed":false,"inline_featured_image":false,"footnotes":""},"class_list":["post-1472","page","type-page","status-publish","hentry"],"acf":[],"_links":{"self":[{"href":"https:\/\/postgraduate.pl\/tr\/wp-json\/wp\/v2\/pages\/1472","targetHints":{"allow":["GET"]}}],"collection":[{"href":"https:\/\/postgraduate.pl\/tr\/wp-json\/wp\/v2\/pages"}],"about":[{"href":"https:\/\/postgraduate.pl\/tr\/wp-json\/wp\/v2\/types\/page"}],"author":[{"embeddable":true,"href":"https:\/\/postgraduate.pl\/tr\/wp-json\/wp\/v2\/users\/5"}],"replies":[{"embeddable":true,"href":"https:\/\/postgraduate.pl\/tr\/wp-json\/wp\/v2\/comments?post=1472"}],"version-history":[{"count":2,"href":"https:\/\/postgraduate.pl\/tr\/wp-json\/wp\/v2\/pages\/1472\/revisions"}],"predecessor-version":[{"id":1496,"href":"https:\/\/postgraduate.pl\/tr\/wp-json\/wp\/v2\/pages\/1472\/revisions\/1496"}],"wp:attachment":[{"href":"https:\/\/postgraduate.pl\/tr\/wp-json\/wp\/v2\/media?parent=1472"}],"curies":[{"name":"wp","href":"https:\/\/api.w.org\/{rel}","templated":true}]}}