{"id":1497,"date":"2025-01-26T11:21:07","date_gmt":"2025-01-26T11:21:07","guid":{"rendered":"https:\/\/postgraduate.pl\/contact\/"},"modified":"2025-05-27T18:59:27","modified_gmt":"2025-05-27T18:59:27","slug":"contact","status":"publish","type":"page","link":"https:\/\/postgraduate.pl\/tr\/contact\/","title":{"rendered":"\u0130leti\u015fim"},"content":{"rendered":"<section class=\"l-section wpb_row us_custom_c70c97eb height_medium\"><div class=\"l-section-h i-cf\"><div class=\"g-cols vc_row via_grid cols_1 laptops-cols_inherit tablets-cols_inherit mobiles-cols_1 valign_top type_default stacking_default\"><div class=\"wpb_column vc_column_container\"><div class=\"vc_column-inner\"><div class=\"wpb_text_column\"><div class=\"wpb_wrapper\"><h2 style=\"text-align: center;\">Hala yard\u0131ma ihtiyac\u0131n\u0131z var m\u0131?<\/h2>\n<p style=\"text-align: center;\">SSS b\u00f6l\u00fcm\u00fcne bak\u0131n veya rehberli destek i\u00e7in bizimle ileti\u015fime ge\u00e7in.<\/p>\n<\/div><\/div><div class=\"w-separator size_medium\"><\/div><div class=\"g-cols wpb_row via_grid cols_2 laptops-cols_inherit tablets-cols_inherit mobiles-cols_1 valign_top type_default stacking_default\" style=\"--columns-gap:3rem;\"><div class=\"wpb_column vc_column_container us_custom_61f8da77 has_bg_color\"><div class=\"vc_column-inner\"><div class=\"w-iconbox iconpos_left style_default color_primary align_left\"><div class=\"w-iconbox-icon\" style=\"font-size:2rem;\"><i class=\"fas fa-users\"><\/i><\/div><div class=\"w-iconbox-meta\"><h4 class=\"w-iconbox-title\">SSS Yard\u0131m Merkezi<\/h4><div class=\"w-iconbox-text\"><p>Di\u011fer izleyicilerden yan\u0131tlar al\u0131n ve kat\u0131l\u0131m\u0131n\u0131z i\u00e7in \u00f6d\u00fcller kazan\u0131n.<\/p>\n<p><a href=\"https:\/\/postgraduate.pl\/tr\/faq\/\"><strong>SSS b\u00f6l\u00fcm\u00fcne git<\/strong><\/a><\/p>\n<\/div><\/div><\/div><\/div><\/div><div class=\"wpb_column vc_column_container us_custom_61f8da77 has_bg_color\"><div class=\"vc_column-inner\"><div class=\"w-iconbox iconpos_left style_default color_primary align_left\"><div class=\"w-iconbox-icon\" style=\"font-size:2rem;\"><i class=\"fab fa-whatsapp\"><\/i><\/div><div class=\"w-iconbox-meta\"><h4 class=\"w-iconbox-title\">Bize Ula\u015f\u0131n<\/h4><div class=\"w-iconbox-text\"><p>Bize ihtiya\u00e7 duydu\u011funuzda size yard\u0131mc\u0131 olmaktan mutluluk duyar\u0131z. WhatsApp&#8217;\u0131m\u0131za yaz\u0131n.<\/p>\n<\/div><\/div><\/div><\/div><\/div><\/div><\/div><\/div><\/div><\/div><\/section>\n","protected":false},"excerpt":{"rendered":"Hala yard\u0131ma ihtiyac\u0131n\u0131z var m\u0131? SSS b\u00f6l\u00fcm\u00fcne bak\u0131n veya rehberli destek i\u00e7in bizimle ileti\u015fime ge\u00e7in. SSS Yard\u0131m MerkeziDi\u011fer izleyicilerden yan\u0131tlar al\u0131n ve kat\u0131l\u0131m\u0131n\u0131z i\u00e7in \u00f6d\u00fcller kazan\u0131n. SSS b\u00f6l\u00fcm\u00fcne git Bize Ula\u015f\u0131nBize ihtiya\u00e7 duydu\u011funuzda size yard\u0131mc\u0131 olmaktan mutluluk duyar\u0131z. WhatsApp'\u0131m\u0131za yaz\u0131n.","protected":false},"author":1,"featured_media":0,"parent":0,"menu_order":0,"comment_status":"closed","ping_status":"closed","template":"","meta":{"_acf_changed":false,"inline_featured_image":false,"footnotes":""},"class_list":["post-1497","page","type-page","status-publish","hentry"],"acf":[],"_links":{"self":[{"href":"https:\/\/postgraduate.pl\/tr\/wp-json\/wp\/v2\/pages\/1497","targetHints":{"allow":["GET"]}}],"collection":[{"href":"https:\/\/postgraduate.pl\/tr\/wp-json\/wp\/v2\/pages"}],"about":[{"href":"https:\/\/postgraduate.pl\/tr\/wp-json\/wp\/v2\/types\/page"}],"author":[{"embeddable":true,"href":"https:\/\/postgraduate.pl\/tr\/wp-json\/wp\/v2\/users\/1"}],"replies":[{"embeddable":true,"href":"https:\/\/postgraduate.pl\/tr\/wp-json\/wp\/v2\/comments?post=1497"}],"version-history":[{"count":2,"href":"https:\/\/postgraduate.pl\/tr\/wp-json\/wp\/v2\/pages\/1497\/revisions"}],"predecessor-version":[{"id":1535,"href":"https:\/\/postgraduate.pl\/tr\/wp-json\/wp\/v2\/pages\/1497\/revisions\/1535"}],"wp:attachment":[{"href":"https:\/\/postgraduate.pl\/tr\/wp-json\/wp\/v2\/media?parent=1497"}],"curies":[{"name":"wp","href":"https:\/\/api.w.org\/{rel}","templated":true}]}}