{"id":1527,"date":"2025-01-26T11:20:43","date_gmt":"2025-01-26T11:20:43","guid":{"rendered":"https:\/\/postgraduate.pl\/help-center\/"},"modified":"2025-01-26T11:20:43","modified_gmt":"2025-01-26T11:20:43","slug":"help-center","status":"publish","type":"page","link":"https:\/\/postgraduate.pl\/tr\/help-center\/","title":{"rendered":"Help Center"},"content":{"rendered":"<section class=\"l-section wpb_row height_medium width_custom\" style=\"--site-content-width:700px;\"><div class=\"l-section-h i-cf\"><div class=\"g-cols vc_row via_grid cols_1 laptops-cols_inherit tablets-cols_inherit mobiles-cols_1 valign_top type_default stacking_default\"><div class=\"wpb_column vc_column_container\"><div class=\"vc_column-inner\"><h2 class=\"w-text us_custom_58b1af09\"><span class=\"w-text-h\"><span class=\"w-text-value\">Student<\/span><\/span><\/h2><div class=\"wpb_text_column us_custom_cebe8b98\"><div class=\"wpb_wrapper\"><p style=\"text-align: center;\">Here you can find all necessary links<\/p>\n<\/div><\/div><div class=\"w-separator size_medium\"><\/div><nav class=\"w-menu us_custom_eb849559 layout_ver style_blocks us_menu_1\" style=\"--main-gap:1.2rem;--main-ver-indent:0.2em;--main-hor-indent:0.6em;--main-bg-color:rgba(0,0,0,0.1);--main-color:var(--color-content-heading);--main-hover-color:var(--color-header-middle-text-hover);--main-active-color:var(--color-header-middle-text-hover);\"><div class=\"menu\"><ul><li class=\"page_item page-item-1474\"><a href=\"https:\/\/postgraduate.pl\/tr\/\">Anasayfa<\/a><\/li><li class=\"page_item page-item-1528\"><a href=\"https:\/\/postgraduate.pl\/tr\/knowledge-bank\/\">Bilgi Bankas\u0131<\/a><\/li><li class=\"page_item page-item-1527\"><a href=\"https:\/\/postgraduate.pl\/tr\/help-center\/\">Help Center<\/a><\/li><li class=\"page_item page-item-1497\"><a href=\"https:\/\/postgraduate.pl\/tr\/contact\/\">\u0130leti\u015fim<\/a><\/li><li class=\"page_item page-item-1530\"><a href=\"https:\/\/postgraduate.pl\/tr\/programs\/\">Programlar<\/a><\/li><li class=\"page_item page-item-1471\"><a href=\"https:\/\/postgraduate.pl\/tr\/faq\/\">S.S.S<\/a><\/li><li class=\"page_item page-item-1472\"><a href=\"https:\/\/postgraduate.pl\/tr\/university-of-economics-and-human-sciences-in-warsaw\/\">University of Economics and Human Sciences in Warsaw<\/a><\/li><\/ul><\/div><style>@media ( max-width:600px ){.us_menu_1 .menu{display:block!important}.us_menu_1 .menu>li{margin:0 0 var(--main-gap,1.2rem)!important}}<\/style><\/nav><\/div><\/div><\/div><\/div><\/section><section class=\"l-section wpb_row height_medium width_custom\" style=\"--site-content-width:700px;\"><div class=\"l-section-h i-cf\"><div class=\"g-cols vc_row via_grid cols_1 laptops-cols_inherit tablets-cols_inherit mobiles-cols_1 valign_top type_default stacking_default\"><div class=\"wpb_column vc_column_container\"><div class=\"vc_column-inner\"><h2 class=\"w-text us_custom_58b1af09\"><span class=\"w-text-h\"><span class=\"w-text-value\">Help Center<\/span><\/span><\/h2><div class=\"wpb_text_column us_custom_cebe8b98\"><div class=\"wpb_wrapper\"><p style=\"text-align: center;\">Here you can find all necessary information<\/p>\n<\/div><\/div><div class=\"w-separator size_medium\"><\/div><nav class=\"w-menu us_custom_eb849559 layout_ver style_blocks us_menu_2\" style=\"--main-gap:1.2rem;--main-ver-indent:0.2em;--main-hor-indent:0.6em;--main-bg-color:rgba(0,0,0,0.1);--main-color:var(--color-content-heading);--main-hover-color:var(--color-header-middle-text-hover);--main-active-color:var(--color-header-middle-text-hover);\"><div class=\"menu\"><ul><li class=\"page_item page-item-1474\"><a href=\"https:\/\/postgraduate.pl\/tr\/\">Anasayfa<\/a><\/li><li class=\"page_item page-item-1528\"><a href=\"https:\/\/postgraduate.pl\/tr\/knowledge-bank\/\">Bilgi Bankas\u0131<\/a><\/li><li class=\"page_item page-item-1527\"><a href=\"https:\/\/postgraduate.pl\/tr\/help-center\/\">Help Center<\/a><\/li><li class=\"page_item page-item-1497\"><a href=\"https:\/\/postgraduate.pl\/tr\/contact\/\">\u0130leti\u015fim<\/a><\/li><li class=\"page_item page-item-1530\"><a href=\"https:\/\/postgraduate.pl\/tr\/programs\/\">Programlar<\/a><\/li><li class=\"page_item page-item-1471\"><a href=\"https:\/\/postgraduate.pl\/tr\/faq\/\">S.S.S<\/a><\/li><li class=\"page_item page-item-1472\"><a href=\"https:\/\/postgraduate.pl\/tr\/university-of-economics-and-human-sciences-in-warsaw\/\">University of Economics and Human Sciences in Warsaw<\/a><\/li><\/ul><\/div><style>@media ( max-width:600px ){.us_menu_2 .menu{display:block!important}.us_menu_2 .menu>li{margin:0 0 var(--main-gap,1.2rem)!important}}<\/style><\/nav><\/div><\/div><\/div><\/div><\/section>\n","protected":false},"excerpt":{"rendered":"StudentHere you can find all necessary links AnasayfaBilgi Bankas\u0131Help Center\u0130leti\u015fimProgramlarS.S.SUniversity of Economics and Human Sciences in WarsawHelp CenterHere you can find all necessary information AnasayfaBilgi Bankas\u0131Help Center\u0130leti\u015fimProgramlarS.S.SUniversity of Economics and Human Sciences in Warsaw","protected":false},"author":1,"featured_media":0,"parent":0,"menu_order":0,"comment_status":"closed","ping_status":"closed","template":"","meta":{"_acf_changed":false,"inline_featured_image":false,"footnotes":""},"class_list":["post-1527","page","type-page","status-publish","hentry"],"acf":[],"_links":{"self":[{"href":"https:\/\/postgraduate.pl\/tr\/wp-json\/wp\/v2\/pages\/1527","targetHints":{"allow":["GET"]}}],"collection":[{"href":"https:\/\/postgraduate.pl\/tr\/wp-json\/wp\/v2\/pages"}],"about":[{"href":"https:\/\/postgraduate.pl\/tr\/wp-json\/wp\/v2\/types\/page"}],"author":[{"embeddable":true,"href":"https:\/\/postgraduate.pl\/tr\/wp-json\/wp\/v2\/users\/1"}],"replies":[{"embeddable":true,"href":"https:\/\/postgraduate.pl\/tr\/wp-json\/wp\/v2\/comments?post=1527"}],"version-history":[{"count":0,"href":"https:\/\/postgraduate.pl\/tr\/wp-json\/wp\/v2\/pages\/1527\/revisions"}],"wp:attachment":[{"href":"https:\/\/postgraduate.pl\/tr\/wp-json\/wp\/v2\/media?parent=1527"}],"curies":[{"name":"wp","href":"https:\/\/api.w.org\/{rel}","templated":true}]}}