{"id":1530,"date":"2025-01-26T16:34:33","date_gmt":"2025-01-26T16:34:33","guid":{"rendered":"https:\/\/postgraduate.pl\/programs\/"},"modified":"2025-05-27T19:00:47","modified_gmt":"2025-05-27T19:00:47","slug":"programs","status":"publish","type":"page","link":"https:\/\/postgraduate.pl\/tr\/programs\/","title":{"rendered":"Programlar"},"content":{"rendered":"<section class=\"l-section wpb_row us_custom_c70c97eb height_medium\"><div class=\"l-section-h i-cf\"><div class=\"g-cols vc_row via_grid cols_1 laptops-cols_inherit tablets-cols_inherit mobiles-cols_1 valign_top type_default stacking_default\"><div class=\"wpb_column vc_column_container\"><div class=\"vc_column-inner\"><div class=\"wpb_text_column us_custom_a5ef9130\"><div class=\"wpb_wrapper\"><h1>Postgraduate Programlar<\/h1>\n<\/div><\/div><div class=\"w-separator size_medium\"><\/div><div class=\"w-grid us_grid type_grid layout_946 cols_3 pagination_ajax overflow_hidden preload_style_spinner with_css_animation\" id=\"us_grid_1\" style=\"--columns:3;--gap:10px;\" data-filterable=\"true\"><style>@media (max-width:1024px){#us_grid_1{--columns:2!important}}@media (max-width:600px){#us_grid_1{--columns:1!important}}.layout_946 .w-grid-item-h{background:var(--color-content-bg);color:var(--color-content-heading);border-radius:1rem;box-shadow:0 0.03rem 0.06rem rgba(0,0,0,0.1),0 0.1rem 0.3rem rgba(0,0,0,0.1);transition-duration:0.3s}.no-touch .layout_946 .w-grid-item-h:hover{box-shadow:0 0.12rem 0.24rem rgba(0,0,0,0.1),0 0.4rem 1.2rem rgba(0,0,0,0.15);z-index:4}.layout_946 .usg_vwrapper_1{padding:5% 8% 8% 8%!important}.layout_946 .usg_post_title_1{color:inherit!important;font-weight:700!important;font-size:1.4rem!important}.layout_946 .usg_post_custom_field_1{color:#758694!important;font-size:12px!important}.layout_946 .usg_post_custom_field_2{color:#758694!important;font-size:12px!important}.layout_946 .usg_post_custom_field_3{color:#758694!important;font-size:12px!important}.layout_946 .usg_post_custom_field_4{color:#758694!important;font-size:12px!important}.layout_946 .usg_vwrapper_2{padding:5% 8% 8% 8%!important}@media (max-width:600px){.layout_946 .usg_post_title_1{font-size:1.2rem!important}}<\/style><div class=\"w-grid-list\">\t<article class=\"w-grid-item us_animate_afb size_1x1 post-1746 posgraduate type-posgraduate status-publish has-post-thumbnail hentry\" data-id=\"1746\" style=\"animation-delay:0s\">\r\n\t\t<div class=\"w-grid-item-h\">\r\n\t\t\t\t\t\t<div class=\"w-post-elm post_image usg_post_image_1 stretched\"><a href=\"https:\/\/postgraduate.pl\/tr\/posgraduate\/social-work-postgraduate-program\/\" aria-label=\"Sosyal Hizmet Postgraduate Program\"><img loading=\"lazy\" decoding=\"async\" width=\"600\" height=\"400\" src=\"https:\/\/postgraduate.pl\/wp-content\/uploads\/2025\/04\/Soziale-Arbeit.webp\" class=\"attachment-large size-large wp-post-image\" alt=\"\" srcset=\"https:\/\/postgraduate.pl\/wp-content\/uploads\/2025\/04\/Soziale-Arbeit.webp 600w, https:\/\/postgraduate.pl\/wp-content\/uploads\/2025\/04\/Soziale-Arbeit-300x200.webp 300w\" sizes=\"auto, (max-width: 600px) 100vw, 600px\" \/><\/a><\/div><div class=\"w-vwrapper usg_vwrapper_1 align_none valign_top\"><h2 class=\"w-post-elm post_title usg_post_title_1 has_text_color entry-title color_link_inherit\"><a href=\"https:\/\/postgraduate.pl\/tr\/posgraduate\/social-work-postgraduate-program\/\">Sosyal Hizmet Postgraduate Program<\/a><\/h2><\/div><div class=\"w-vwrapper usg_vwrapper_2 align_none valign_middle\" style=\"--vwrapper-gap:0.2rem\"><div class=\"w-hwrapper usg_hwrapper_2 align_justify valign_top\" style=\"--hwrapper-gap:0.6rem\"><div class=\"w-vwrapper usg_vwrapper_3 align_left valign_top\"><p class=\"w-post-elm post_custom_field usg_post_custom_field_1 has_text_color type_text credits color_link_inherit\"><i class=\"fas fa-fas fa-graduation-cap\"><\/i><span class=\"w-post-elm-value\">60 AKTS<\/span><\/p><div class=\"w-post-elm post_custom_field usg_post_custom_field_3 has_text_color type_text language_of_education color_link_inherit\"><i class=\"fas fa-fas fa-language\"><\/i><span class=\"w-post-elm-value\">T\u00fcrk\u00e7e<\/span><\/div><\/div><div class=\"w-vwrapper usg_vwrapper_4 align_left valign_top\"><p class=\"w-post-elm post_custom_field usg_post_custom_field_2 has_text_color type_text duration color_link_inherit\"><i class=\"fas fa-fas fa-calendar-alt\"><\/i><span class=\"w-post-elm-value\">1 y\u0131l<\/span><\/p><div class=\"w-post-elm post_custom_field usg_post_custom_field_4 has_text_color type_text start_date color_link_inherit\"><i class=\"fas fa-fas fa-calendar-day\"><\/i><span class=\"w-post-elm-value\">14 Ekim 2025<\/span><\/div><\/div><\/div><\/div>\t\t<\/div>\r\n\t\t\t<\/article>\r\n\t<article class=\"w-grid-item us_animate_afb size_1x1 post-1458 posgraduate type-posgraduate status-publish has-post-thumbnail hentry\" data-id=\"1458\" style=\"animation-delay:0.1s\">\r\n\t\t<div class=\"w-grid-item-h\">\r\n\t\t\t\t\t\t<div class=\"w-post-elm post_image usg_post_image_1 stretched\"><a href=\"https:\/\/postgraduate.pl\/tr\/posgraduate\/counseling-and-mentoring-for-children-and-adolescents-postgraduate-diploma-program\/\" aria-label=\"\u00c7ocuk ve Gen\u00e7 Pedagojisi Postgraduate Program\"><img loading=\"lazy\" decoding=\"async\" width=\"600\" height=\"400\" src=\"https:\/\/postgraduate.pl\/wp-content\/uploads\/2025\/04\/Counseling-and-Mentoring-for-Children-and-Adolescents.webp\" class=\"attachment-large size-large wp-post-image\" alt=\"\" srcset=\"https:\/\/postgraduate.pl\/wp-content\/uploads\/2025\/04\/Counseling-and-Mentoring-for-Children-and-Adolescents.webp 600w, https:\/\/postgraduate.pl\/wp-content\/uploads\/2025\/04\/Counseling-and-Mentoring-for-Children-and-Adolescents-300x200.webp 300w\" sizes=\"auto, (max-width: 600px) 100vw, 600px\" \/><\/a><\/div><div class=\"w-vwrapper usg_vwrapper_1 align_none valign_top\"><h2 class=\"w-post-elm post_title usg_post_title_1 has_text_color entry-title color_link_inherit\"><a href=\"https:\/\/postgraduate.pl\/tr\/posgraduate\/counseling-and-mentoring-for-children-and-adolescents-postgraduate-diploma-program\/\">\u00c7ocuk ve Gen\u00e7 Pedagojisi Postgraduate Program<\/a><\/h2><\/div><div class=\"w-vwrapper usg_vwrapper_2 align_none valign_middle\" style=\"--vwrapper-gap:0.2rem\"><div class=\"w-hwrapper usg_hwrapper_2 align_justify valign_top\" style=\"--hwrapper-gap:0.6rem\"><div class=\"w-vwrapper usg_vwrapper_3 align_left valign_top\"><p class=\"w-post-elm post_custom_field usg_post_custom_field_1 has_text_color type_text credits color_link_inherit\"><i class=\"fas fa-fas fa-graduation-cap\"><\/i><span class=\"w-post-elm-value\">60 AKTS<\/span><\/p><div class=\"w-post-elm post_custom_field usg_post_custom_field_3 has_text_color type_text language_of_education color_link_inherit\"><i class=\"fas fa-fas fa-language\"><\/i><span class=\"w-post-elm-value\">T\u00fcrk\u00e7e<\/span><\/div><\/div><div class=\"w-vwrapper usg_vwrapper_4 align_left valign_top\"><p class=\"w-post-elm post_custom_field usg_post_custom_field_2 has_text_color type_text duration color_link_inherit\"><i class=\"fas fa-fas fa-calendar-alt\"><\/i><span class=\"w-post-elm-value\">1 Y\u0131l<\/span><\/p><div class=\"w-post-elm post_custom_field usg_post_custom_field_4 has_text_color type_text start_date color_link_inherit\"><i class=\"fas fa-fas fa-calendar-day\"><\/i><span class=\"w-post-elm-value\">18 A\u011fustos 2025<\/span><\/div><\/div><\/div><\/div>\t\t<\/div>\r\n\t\t\t<\/article>\r\n\t<article class=\"w-grid-item us_animate_afb size_1x1 post-1460 posgraduate type-posgraduate status-publish has-post-thumbnail hentry\" data-id=\"1460\" style=\"animation-delay:0.2s\">\r\n\t\t<div class=\"w-grid-item-h\">\r\n\t\t\t\t\t\t<div class=\"w-post-elm post_image usg_post_image_1 stretched\"><a href=\"https:\/\/postgraduate.pl\/tr\/posgraduate\/emba-postgraduate-program\/\" aria-label=\"EMBA Postgraduate Program\u0131\"><img loading=\"lazy\" decoding=\"async\" width=\"600\" height=\"400\" src=\"https:\/\/postgraduate.pl\/wp-content\/uploads\/2025\/02\/EMBA-Postgraduate-Program.webp\" class=\"attachment-large size-large wp-post-image\" alt=\"\" srcset=\"https:\/\/postgraduate.pl\/wp-content\/uploads\/2025\/02\/EMBA-Postgraduate-Program.webp 600w, https:\/\/postgraduate.pl\/wp-content\/uploads\/2025\/02\/EMBA-Postgraduate-Program-300x200.webp 300w\" sizes=\"auto, (max-width: 600px) 100vw, 600px\" \/><\/a><\/div><div class=\"w-vwrapper usg_vwrapper_1 align_none valign_top\"><h2 class=\"w-post-elm post_title usg_post_title_1 has_text_color entry-title color_link_inherit\"><a href=\"https:\/\/postgraduate.pl\/tr\/posgraduate\/emba-postgraduate-program\/\">EMBA Postgraduate Program\u0131<\/a><\/h2><\/div><div class=\"w-vwrapper usg_vwrapper_2 align_none valign_middle\" style=\"--vwrapper-gap:0.2rem\"><div class=\"w-hwrapper usg_hwrapper_2 align_justify valign_top\" style=\"--hwrapper-gap:0.6rem\"><div class=\"w-vwrapper usg_vwrapper_3 align_left valign_top\"><p class=\"w-post-elm post_custom_field usg_post_custom_field_1 has_text_color type_text credits color_link_inherit\"><i class=\"fas fa-fas fa-graduation-cap\"><\/i><span class=\"w-post-elm-value\">60 AKTS<\/span><\/p><div class=\"w-post-elm post_custom_field usg_post_custom_field_3 has_text_color type_text language_of_education color_link_inherit\"><i class=\"fas fa-fas fa-language\"><\/i><span class=\"w-post-elm-value\">T\u00fcrk\u00e7e<\/span><\/div><\/div><div class=\"w-vwrapper usg_vwrapper_4 align_left valign_top\"><p class=\"w-post-elm post_custom_field usg_post_custom_field_2 has_text_color type_text duration color_link_inherit\"><i class=\"fas fa-fas fa-calendar-alt\"><\/i><span class=\"w-post-elm-value\">1 y\u0131l<\/span><\/p><div class=\"w-post-elm post_custom_field usg_post_custom_field_4 has_text_color type_text start_date color_link_inherit\"><i class=\"fas fa-fas fa-calendar-day\"><\/i><span class=\"w-post-elm-value\">17 Haziran 2025<\/span><\/div><\/div><\/div><\/div>\t\t<\/div>\r\n\t\t\t<\/article>\r\n\t<article class=\"w-grid-item us_animate_afb size_1x1 post-1462 posgraduate type-posgraduate status-publish has-post-thumbnail hentry\" data-id=\"1462\" style=\"animation-delay:0.3s\">\r\n\t\t<div class=\"w-grid-item-h\">\r\n\t\t\t\t\t\t<div class=\"w-post-elm post_image usg_post_image_1 stretched\"><a href=\"https:\/\/postgraduate.pl\/tr\/posgraduate\/social-pedagogy\/\" aria-label=\"Sosyal Pedagoji Postgraduate Program\u0131\"><img loading=\"lazy\" decoding=\"async\" width=\"600\" height=\"400\" src=\"https:\/\/postgraduate.pl\/wp-content\/uploads\/2025\/04\/Social-Pedagogy.webp\" class=\"attachment-large size-large wp-post-image\" alt=\"\" srcset=\"https:\/\/postgraduate.pl\/wp-content\/uploads\/2025\/04\/Social-Pedagogy.webp 600w, https:\/\/postgraduate.pl\/wp-content\/uploads\/2025\/04\/Social-Pedagogy-300x200.webp 300w\" sizes=\"auto, (max-width: 600px) 100vw, 600px\" \/><\/a><\/div><div class=\"w-vwrapper usg_vwrapper_1 align_none valign_top\"><h2 class=\"w-post-elm post_title usg_post_title_1 has_text_color entry-title color_link_inherit\"><a href=\"https:\/\/postgraduate.pl\/tr\/posgraduate\/social-pedagogy\/\">Sosyal Pedagoji Postgraduate Program\u0131<\/a><\/h2><\/div><div class=\"w-vwrapper usg_vwrapper_2 align_none valign_middle\" style=\"--vwrapper-gap:0.2rem\"><div class=\"w-hwrapper usg_hwrapper_2 align_justify valign_top\" style=\"--hwrapper-gap:0.6rem\"><div class=\"w-vwrapper usg_vwrapper_3 align_left valign_top\"><p class=\"w-post-elm post_custom_field usg_post_custom_field_1 has_text_color type_text credits color_link_inherit\"><i class=\"fas fa-fas fa-graduation-cap\"><\/i><span class=\"w-post-elm-value\">60 AKTS<\/span><\/p><div class=\"w-post-elm post_custom_field usg_post_custom_field_3 has_text_color type_text language_of_education color_link_inherit\"><i class=\"fas fa-fas fa-language\"><\/i><span class=\"w-post-elm-value\">T\u00fcrk\u00e7e<\/span><\/div><\/div><div class=\"w-vwrapper usg_vwrapper_4 align_left valign_top\"><p class=\"w-post-elm post_custom_field usg_post_custom_field_2 has_text_color type_text duration color_link_inherit\"><i class=\"fas fa-fas fa-calendar-alt\"><\/i><span class=\"w-post-elm-value\">1 y\u0131l<\/span><\/p><div class=\"w-post-elm post_custom_field usg_post_custom_field_4 has_text_color type_text start_date color_link_inherit\"><i class=\"fas fa-fas fa-calendar-day\"><\/i><span class=\"w-post-elm-value\">16 Ekim 2025<\/span><\/div><\/div><\/div><\/div>\t\t<\/div>\r\n\t\t\t<\/article>\r\n\t<article class=\"w-grid-item us_animate_afb size_1x1 post-1464 posgraduate type-posgraduate status-publish has-post-thumbnail hentry\" data-id=\"1464\" style=\"animation-delay:0.4s\">\r\n\t\t<div class=\"w-grid-item-h\">\r\n\t\t\t\t\t\t<div class=\"w-post-elm post_image usg_post_image_1 stretched\"><a href=\"https:\/\/postgraduate.pl\/tr\/posgraduate\/leadership-and-management\/\" aria-label=\"Liderlik ve Y\u00f6netim Postgraduate Program\u0131\"><img loading=\"lazy\" decoding=\"async\" width=\"600\" height=\"400\" src=\"https:\/\/postgraduate.pl\/wp-content\/uploads\/2025\/04\/Education-leadership-MANAGEMENT.webp\" class=\"attachment-large size-large wp-post-image\" alt=\"\" srcset=\"https:\/\/postgraduate.pl\/wp-content\/uploads\/2025\/04\/Education-leadership-MANAGEMENT.webp 600w, https:\/\/postgraduate.pl\/wp-content\/uploads\/2025\/04\/Education-leadership-MANAGEMENT-300x200.webp 300w\" sizes=\"auto, (max-width: 600px) 100vw, 600px\" \/><\/a><\/div><div class=\"w-vwrapper usg_vwrapper_1 align_none valign_top\"><h2 class=\"w-post-elm post_title usg_post_title_1 has_text_color entry-title color_link_inherit\"><a href=\"https:\/\/postgraduate.pl\/tr\/posgraduate\/leadership-and-management\/\">Liderlik ve Y\u00f6netim Postgraduate Program\u0131<\/a><\/h2><\/div><div class=\"w-vwrapper usg_vwrapper_2 align_none valign_middle\" style=\"--vwrapper-gap:0.2rem\"><div class=\"w-hwrapper usg_hwrapper_2 align_justify valign_top\" style=\"--hwrapper-gap:0.6rem\"><div class=\"w-vwrapper usg_vwrapper_3 align_left valign_top\"><p class=\"w-post-elm post_custom_field usg_post_custom_field_1 has_text_color type_text credits color_link_inherit\"><i class=\"fas fa-fas fa-graduation-cap\"><\/i><span class=\"w-post-elm-value\">60 AKTS<\/span><\/p><div class=\"w-post-elm post_custom_field usg_post_custom_field_3 has_text_color type_text language_of_education color_link_inherit\"><i class=\"fas fa-fas fa-language\"><\/i><span class=\"w-post-elm-value\">\u0130ngilizce<\/span><\/div><\/div><div class=\"w-vwrapper usg_vwrapper_4 align_left valign_top\"><p class=\"w-post-elm post_custom_field usg_post_custom_field_2 has_text_color type_text duration color_link_inherit\"><i class=\"fas fa-fas fa-calendar-alt\"><\/i><span class=\"w-post-elm-value\">1 y\u0131l \/ 210 Saat<\/span><\/p><div class=\"w-post-elm post_custom_field usg_post_custom_field_4 has_text_color type_text start_date color_link_inherit\"><i class=\"fas fa-fas fa-calendar-day\"><\/i><span class=\"w-post-elm-value\">26 A\u011fustos 2025<\/span><\/div><\/div><\/div><\/div>\t\t<\/div>\r\n\t\t\t<\/article>\r\n\t<article class=\"w-grid-item us_animate_afb size_1x1 post-1466 posgraduate type-posgraduate status-publish has-post-thumbnail hentry\" data-id=\"1466\" style=\"animation-delay:0.5s\">\r\n\t\t<div class=\"w-grid-item-h\">\r\n\t\t\t\t\t\t<div class=\"w-post-elm post_image usg_post_image_1 stretched\"><a href=\"https:\/\/postgraduate.pl\/tr\/posgraduate\/family-counseling-postgraduate-program\/\" aria-label=\"Aile Dan\u0131\u015fmanl\u0131\u011f\u0131 Postgraduate Program\u0131\"><img loading=\"lazy\" decoding=\"async\" width=\"600\" height=\"400\" src=\"https:\/\/postgraduate.pl\/wp-content\/uploads\/2025\/04\/Family-Counseling.webp\" class=\"attachment-large size-large wp-post-image\" alt=\"\" srcset=\"https:\/\/postgraduate.pl\/wp-content\/uploads\/2025\/04\/Family-Counseling.webp 600w, https:\/\/postgraduate.pl\/wp-content\/uploads\/2025\/04\/Family-Counseling-300x200.webp 300w\" sizes=\"auto, (max-width: 600px) 100vw, 600px\" \/><\/a><\/div><div class=\"w-vwrapper usg_vwrapper_1 align_none valign_top\"><h2 class=\"w-post-elm post_title usg_post_title_1 has_text_color entry-title color_link_inherit\"><a href=\"https:\/\/postgraduate.pl\/tr\/posgraduate\/family-counseling-postgraduate-program\/\">Aile Dan\u0131\u015fmanl\u0131\u011f\u0131 Postgraduate Program\u0131<\/a><\/h2><\/div><div class=\"w-vwrapper usg_vwrapper_2 align_none valign_middle\" style=\"--vwrapper-gap:0.2rem\"><div class=\"w-hwrapper usg_hwrapper_2 align_justify valign_top\" style=\"--hwrapper-gap:0.6rem\"><div class=\"w-vwrapper usg_vwrapper_3 align_left valign_top\"><p class=\"w-post-elm post_custom_field usg_post_custom_field_1 has_text_color type_text credits color_link_inherit\"><i class=\"fas fa-fas fa-graduation-cap\"><\/i><span class=\"w-post-elm-value\">60 AKTS<\/span><\/p><div class=\"w-post-elm post_custom_field usg_post_custom_field_3 has_text_color type_text language_of_education color_link_inherit\"><i class=\"fas fa-fas fa-language\"><\/i><span class=\"w-post-elm-value\">T\u00fcrk\u00e7e<\/span><\/div><\/div><div class=\"w-vwrapper usg_vwrapper_4 align_left valign_top\"><p class=\"w-post-elm post_custom_field usg_post_custom_field_2 has_text_color type_text duration color_link_inherit\"><i class=\"fas fa-fas fa-calendar-alt\"><\/i><span class=\"w-post-elm-value\">1 y\u0131l<\/span><\/p><div class=\"w-post-elm post_custom_field usg_post_custom_field_4 has_text_color type_text start_date color_link_inherit\"><i class=\"fas fa-fas fa-calendar-day\"><\/i><span class=\"w-post-elm-value\">25 Kas\u0131m 2025<\/span><\/div><\/div><\/div><\/div>\t\t<\/div>\r\n\t\t\t<\/article>\r\n\t<article class=\"w-grid-item us_animate_afb size_1x1 post-1468 posgraduate type-posgraduate status-publish has-post-thumbnail hentry\" data-id=\"1468\" style=\"animation-delay:0s\">\r\n\t\t<div class=\"w-grid-item-h\">\r\n\t\t\t\t\t\t<div class=\"w-post-elm post_image usg_post_image_1 stretched\"><a href=\"https:\/\/postgraduate.pl\/tr\/posgraduate\/social-work-and-social-pedagogy-postgraduate-programs\/\" aria-label=\"Sosyal Hizmet ve Sosyal Pedagoji Postgraduate Programlar\u0131\"><img loading=\"lazy\" decoding=\"async\" width=\"600\" height=\"400\" src=\"https:\/\/postgraduate.pl\/wp-content\/uploads\/2025\/04\/Arbeit-und-Sozialpadagogik.webp\" class=\"attachment-large size-large wp-post-image\" alt=\"\" srcset=\"https:\/\/postgraduate.pl\/wp-content\/uploads\/2025\/04\/Arbeit-und-Sozialpadagogik.webp 600w, https:\/\/postgraduate.pl\/wp-content\/uploads\/2025\/04\/Arbeit-und-Sozialpadagogik-300x200.webp 300w\" sizes=\"auto, (max-width: 600px) 100vw, 600px\" \/><\/a><\/div><div class=\"w-vwrapper usg_vwrapper_1 align_none valign_top\"><h2 class=\"w-post-elm post_title usg_post_title_1 has_text_color entry-title color_link_inherit\"><a href=\"https:\/\/postgraduate.pl\/tr\/posgraduate\/social-work-and-social-pedagogy-postgraduate-programs\/\">Sosyal Hizmet ve Sosyal Pedagoji Postgraduate Programlar\u0131<\/a><\/h2><\/div><div class=\"w-vwrapper usg_vwrapper_2 align_none valign_middle\" style=\"--vwrapper-gap:0.2rem\"><div class=\"w-hwrapper usg_hwrapper_2 align_justify valign_top\" style=\"--hwrapper-gap:0.6rem\"><div class=\"w-vwrapper usg_vwrapper_3 align_left valign_top\"><p class=\"w-post-elm post_custom_field usg_post_custom_field_1 has_text_color type_text credits color_link_inherit\"><i class=\"fas fa-fas fa-graduation-cap\"><\/i><span class=\"w-post-elm-value\">120 AKTS<\/span><\/p><div class=\"w-post-elm post_custom_field usg_post_custom_field_3 has_text_color type_text language_of_education color_link_inherit\"><i class=\"fas fa-fas fa-language\"><\/i><span class=\"w-post-elm-value\">T\u00fcrk\u00e7e<\/span><\/div><\/div><div class=\"w-vwrapper usg_vwrapper_4 align_left valign_top\"><p class=\"w-post-elm post_custom_field usg_post_custom_field_2 has_text_color type_text duration color_link_inherit\"><i class=\"fas fa-fas fa-calendar-alt\"><\/i><span class=\"w-post-elm-value\">1 y\u0131l<\/span><\/p><div class=\"w-post-elm post_custom_field usg_post_custom_field_4 has_text_color type_text start_date color_link_inherit\"><i class=\"fas fa-fas fa-calendar-day\"><\/i><span class=\"w-post-elm-value\">14 Ekim 2025<\/span><\/div><\/div><\/div><\/div>\t\t<\/div>\r\n\t\t\t<\/article>\r\n<\/div>\t<div class=\"w-grid-preloader\">\r\n\t\t<div class=\"g-preloader type_1\">\r\n\t\t\t<div><\/div>\r\n\t\t<\/div>\r\n\t<\/div>\r\n\t\t<div class=\"w-grid-json hidden\" onclick='return {&quot;action&quot;:&quot;us_ajax_grid&quot;,&quot;infinite_scroll&quot;:0,&quot;max_num_pages&quot;:1,&quot;pagination&quot;:&quot;ajax&quot;,&quot;template_vars&quot;:{&quot;columns&quot;:&quot;3&quot;,&quot;exclude_items&quot;:&quot;none&quot;,&quot;img_size&quot;:&quot;default&quot;,&quot;ignore_items_size&quot;:0,&quot;items_layout&quot;:&quot;946&quot;,&quot;items_offset&quot;:&quot;1&quot;,&quot;load_animation&quot;:&quot;afb&quot;,&quot;overriding_link&quot;:&quot;{\\&quot;url\\&quot;:\\&quot;\\&quot;}&quot;,&quot;post_id&quot;:0,&quot;query_args&quot;:{&quot;post_type&quot;:[&quot;posgraduate&quot;],&quot;post_status&quot;:[&quot;publish&quot;,&quot;acf-disabled&quot;],&quot;posts_per_page&quot;:&quot;8&quot;},&quot;orderby_query_args&quot;:{&quot;orderby&quot;:{&quot;date&quot;:&quot;DESC&quot;}},&quot;type&quot;:&quot;grid&quot;,&quot;us_grid_post_type&quot;:&quot;posgraduate&quot;,&quot;us_grid_ajax_index&quot;:1,&quot;us_grid_filter_query_string&quot;:null,&quot;us_grid_index&quot;:1,&quot;page_args&quot;:[],&quot;lang&quot;:&quot;tr&quot;}}'><\/div>\r\n\t<\/div><\/div><\/div><\/div><\/div><\/section>\n","protected":false},"excerpt":{"rendered":"","protected":false},"author":1,"featured_media":0,"parent":0,"menu_order":0,"comment_status":"closed","ping_status":"closed","template":"","meta":{"_acf_changed":false,"inline_featured_image":false,"footnotes":""},"class_list":["post-1530","page","type-page","status-publish","hentry"],"acf":[],"_links":{"self":[{"href":"https:\/\/postgraduate.pl\/tr\/wp-json\/wp\/v2\/pages\/1530","targetHints":{"allow":["GET"]}}],"collection":[{"href":"https:\/\/postgraduate.pl\/tr\/wp-json\/wp\/v2\/pages"}],"about":[{"href":"https:\/\/postgraduate.pl\/tr\/wp-json\/wp\/v2\/types\/page"}],"author":[{"embeddable":true,"href":"https:\/\/postgraduate.pl\/tr\/wp-json\/wp\/v2\/users\/1"}],"replies":[{"embeddable":true,"href":"https:\/\/postgraduate.pl\/tr\/wp-json\/wp\/v2\/comments?post=1530"}],"version-history":[{"count":2,"href":"https:\/\/postgraduate.pl\/tr\/wp-json\/wp\/v2\/pages\/1530\/revisions"}],"predecessor-version":[{"id":1537,"href":"https:\/\/postgraduate.pl\/tr\/wp-json\/wp\/v2\/pages\/1530\/revisions\/1537"}],"wp:attachment":[{"href":"https:\/\/postgraduate.pl\/tr\/wp-json\/wp\/v2\/media?parent=1530"}],"curies":[{"name":"wp","href":"https:\/\/api.w.org\/{rel}","templated":true}]}}